{"id":132,"date":"2026-02-25T11:17:04","date_gmt":"2026-02-25T11:17:04","guid":{"rendered":"https:\/\/malli.idiagraphics.fi\/?page_id=132"},"modified":"2026-03-12T12:51:28","modified_gmt":"2026-03-12T12:51:28","slug":"yhteystiedot","status":"publish","type":"page","link":"https:\/\/malli.idiagraphics.fi\/index.php\/yhteystiedot\/","title":{"rendered":"Yhteystiedot"},"content":{"rendered":"<style>.kb-row-layout-id132_841184-0e > .kt-row-column-wrap{align-content:start;}:where(.kb-row-layout-id132_841184-0e > .kt-row-column-wrap) > .wp-block-kadence-column{justify-content:start;}.kb-row-layout-id132_841184-0e > .kt-row-column-wrap{column-gap:4rem;row-gap:var(--global-kb-gap-md, 2rem);padding-top:var(--global-kb-spacing-sm, 1.5rem);padding-bottom:var(--global-kb-spacing-sm, 1.5rem);grid-template-columns:minmax(0, calc(45% - ((4rem * 1 )\/2)))minmax(0, calc(55% - ((4rem * 1 )\/2)));}.kb-row-layout-id132_841184-0e > .kt-row-layout-overlay{opacity:0.30;}@media all and (max-width: 1024px){.kb-row-layout-id132_841184-0e > .kt-row-column-wrap{grid-template-columns:repeat(2, minmax(0, 1fr));}}@media all and (max-width: 767px){.kb-row-layout-id132_841184-0e > .kt-row-column-wrap{grid-template-columns:minmax(0, 1fr);}}<\/style><div class=\"kb-row-layout-wrap kb-row-layout-id132_841184-0e alignnone wp-block-kadence-rowlayout\"><div class=\"kt-row-column-wrap kt-has-2-columns kt-row-layout-equal kt-tab-layout-inherit kt-mobile-layout-row kt-row-valign-top\">\n<style>.kadence-column132_d06eaa-20 > .kt-inside-inner-col,.kadence-column132_d06eaa-20 > .kt-inside-inner-col:before{border-top-left-radius:0px;border-top-right-radius:0px;border-bottom-right-radius:0px;border-bottom-left-radius:0px;}.kadence-column132_d06eaa-20 > .kt-inside-inner-col{column-gap:var(--global-kb-gap-sm, 1rem);}.kadence-column132_d06eaa-20 > .kt-inside-inner-col{flex-direction:column;}.kadence-column132_d06eaa-20 > .kt-inside-inner-col > .aligncenter{width:100%;}.kadence-column132_d06eaa-20 > .kt-inside-inner-col:before{opacity:0.3;}.kadence-column132_d06eaa-20{position:relative;}@media all and (max-width: 1024px){.kadence-column132_d06eaa-20 > .kt-inside-inner-col{flex-direction:column;justify-content:center;}}@media all and (max-width: 767px){.kadence-column132_d06eaa-20 > .kt-inside-inner-col{flex-direction:column;justify-content:center;}}<\/style>\n<div class=\"wp-block-kadence-column kadence-column132_d06eaa-20\"><div class=\"kt-inside-inner-col\"><style>.kb-image132_2d4bbc-10 .kb-image-has-overlay:after{opacity:0.3;}<\/style>\n<figure class=\"wp-block-kadence-image kb-image132_2d4bbc-10 size-large kb-image-is-ratio-size\"><div class=\"kb-is-ratio-image kb-image-ratio-port34\"><img loading=\"lazy\" decoding=\"async\" width=\"683\" height=\"1024\" src=\"https:\/\/malli.idiagraphics.fi\/wp-content\/uploads\/2026\/02\/5O4A8509_netti_bw-683x1024.jpg\" alt=\"\" class=\"kb-img wp-image-337\" srcset=\"https:\/\/malli.idiagraphics.fi\/wp-content\/uploads\/2026\/02\/5O4A8509_netti_bw-683x1024.jpg 683w, https:\/\/malli.idiagraphics.fi\/wp-content\/uploads\/2026\/02\/5O4A8509_netti_bw-200x300.jpg 200w, https:\/\/malli.idiagraphics.fi\/wp-content\/uploads\/2026\/02\/5O4A8509_netti_bw-768x1152.jpg 768w, https:\/\/malli.idiagraphics.fi\/wp-content\/uploads\/2026\/02\/5O4A8509_netti_bw-1024x1536.jpg 1024w, https:\/\/malli.idiagraphics.fi\/wp-content\/uploads\/2026\/02\/5O4A8509_netti_bw.jpg 1365w\" sizes=\"auto, (max-width: 683px) 100vw, 683px\" \/><\/div><\/figure>\n<\/div><\/div>\n\n\n<style>.kadence-column132_c2a629-6c > .kt-inside-inner-col{display:flex;}.kadence-column132_c2a629-6c > .kt-inside-inner-col,.kadence-column132_c2a629-6c > .kt-inside-inner-col:before{border-top-left-radius:0px;border-top-right-radius:0px;border-bottom-right-radius:0px;border-bottom-left-radius:0px;}.kadence-column132_c2a629-6c > .kt-inside-inner-col{column-gap:var(--global-kb-gap-sm, 1rem);}.kadence-column132_c2a629-6c > .kt-inside-inner-col{flex-direction:column;justify-content:center;}.kadence-column132_c2a629-6c > .kt-inside-inner-col > .aligncenter{width:100%;}.kt-row-column-wrap > .kadence-column132_c2a629-6c{align-self:center;}.kt-inner-column-height-full:not(.kt-has-1-columns) > .wp-block-kadence-column.kadence-column132_c2a629-6c{align-self:auto;}.kt-inner-column-height-full:not(.kt-has-1-columns) > .wp-block-kadence-column.kadence-column132_c2a629-6c > .kt-inside-inner-col{flex-direction:column;justify-content:center;}.kadence-column132_c2a629-6c > .kt-inside-inner-col:before{opacity:0.3;}.kadence-column132_c2a629-6c{position:relative;}@media all and (max-width: 1024px){.kt-row-column-wrap > .kadence-column132_c2a629-6c{align-self:center;}}@media all and (max-width: 1024px){.kt-inner-column-height-full:not(.kt-has-1-columns) > .wp-block-kadence-column.kadence-column132_c2a629-6c{align-self:auto;}}@media all and (max-width: 1024px){.kt-inner-column-height-full:not(.kt-has-1-columns) > .wp-block-kadence-column.kadence-column132_c2a629-6c > .kt-inside-inner-col{flex-direction:column;justify-content:center;}}@media all and (max-width: 1024px){.kadence-column132_c2a629-6c > .kt-inside-inner-col{flex-direction:column;justify-content:center;}}@media all and (max-width: 767px){.kt-row-column-wrap > .kadence-column132_c2a629-6c{align-self:center;}.kt-inner-column-height-full:not(.kt-has-1-columns) > .wp-block-kadence-column.kadence-column132_c2a629-6c{align-self:auto;}.kt-inner-column-height-full:not(.kt-has-1-columns) > .wp-block-kadence-column.kadence-column132_c2a629-6c > .kt-inside-inner-col{flex-direction:column;justify-content:center;}.kadence-column132_c2a629-6c > .kt-inside-inner-col{flex-direction:column;justify-content:center;}}<\/style>\n<div class=\"wp-block-kadence-column kadence-column132_c2a629-6c\"><div class=\"kt-inside-inner-col\"><style>.wp-block-kadence-advancedheading.kt-adv-heading132_4596c2-d3, .wp-block-kadence-advancedheading.kt-adv-heading132_4596c2-d3[data-kb-block=\"kb-adv-heading132_4596c2-d3\"]{padding-top:0px;margin-top:0px;font-size:3vw;line-height:1.2em;font-style:normal;}.wp-block-kadence-advancedheading.kt-adv-heading132_4596c2-d3 mark.kt-highlight, .wp-block-kadence-advancedheading.kt-adv-heading132_4596c2-d3[data-kb-block=\"kb-adv-heading132_4596c2-d3\"] mark.kt-highlight{font-style:normal;color:#f76a0c;-webkit-box-decoration-break:clone;box-decoration-break:clone;padding-top:0px;padding-right:0px;padding-bottom:0px;padding-left:0px;}.wp-block-kadence-advancedheading.kt-adv-heading132_4596c2-d3 img.kb-inline-image, .wp-block-kadence-advancedheading.kt-adv-heading132_4596c2-d3[data-kb-block=\"kb-adv-heading132_4596c2-d3\"] img.kb-inline-image{width:150px;vertical-align:baseline;}<\/style>\n<h1 class=\"kt-adv-heading132_4596c2-d3 wp-block-kadence-advancedheading\" data-kb-block=\"kb-adv-heading132_4596c2-d3\">Strategia + l\u00e4mp\u00f6 = Aikku<\/h1>\n\n\n<style>.wp-block-kadence-advancedheading.kt-adv-heading132_128727-b0, .wp-block-kadence-advancedheading.kt-adv-heading132_128727-b0[data-kb-block=\"kb-adv-heading132_128727-b0\"]{font-style:normal;}.wp-block-kadence-advancedheading.kt-adv-heading132_128727-b0 mark.kt-highlight, .wp-block-kadence-advancedheading.kt-adv-heading132_128727-b0[data-kb-block=\"kb-adv-heading132_128727-b0\"] mark.kt-highlight{font-style:normal;color:#2ada17;-webkit-box-decoration-break:clone;box-decoration-break:clone;padding-top:0px;padding-right:0px;padding-bottom:0px;padding-left:0px;}.wp-block-kadence-advancedheading.kt-adv-heading132_128727-b0 img.kb-inline-image, .wp-block-kadence-advancedheading.kt-adv-heading132_128727-b0[data-kb-block=\"kb-adv-heading132_128727-b0\"] img.kb-inline-image{width:150px;vertical-align:baseline;}<\/style>\n<p class=\"kt-adv-heading132_128727-b0 wp-block-kadence-advancedheading\" data-kb-block=\"kb-adv-heading132_128727-b0\">Olen luova freelancer, joka yhdist\u00e4\u00e4 analyyttisen ajattelun ja n\u00e4ytt\u00e4v\u00e4t visut l\u00e4mp\u00f6isell\u00e4 l\u00e4hestymistavalla. Yhdeks\u00e4n vuoden ajan olen marinoitunut markkinoinnin kent\u00e4ll\u00e4 ja haalinut samalla mukaani osaamista br\u00e4ndin rakentamisesta, jalkauttamisesta ja mainonnasta.<br><br><strong><mark true=\"true\" class=\"kt-highlight\">Missionani<\/mark><\/strong>&nbsp;on tuoda l\u00e4mp\u00f6\u00e4 mainontaan ja selkeytt\u00e4 markkinointimateriaaleihin.<br><br><strong><mark true=\"true\" class=\"kt-highlight\">Intohimonani<\/mark>&nbsp;<\/strong>on monimutkaisten kokonaisuuksien selkeytt\u00e4minen ja strategiavetoiset visut.<br><br>Ponnetta omaan osaamiseeni olen kerrytt\u00e4nyt julkiselta sektorilta, asiantuntijaorganisaatiosta,&nbsp;tuotekehitysfirmasta, sek\u00e4 j\u00e4rjest\u00f6ist\u00e4, hankkeista ja pienyritt\u00e4jilt\u00e4.<\/p>\n<\/div><\/div>\n\n<\/div><\/div>\n\n<style>.kb-row-layout-id132_8497a8-50 > .kt-row-column-wrap{align-content:start;}:where(.kb-row-layout-id132_8497a8-50 > .kt-row-column-wrap) > .wp-block-kadence-column{justify-content:start;}.kb-row-layout-id132_8497a8-50 > .kt-row-column-wrap{column-gap:var(--global-kb-gap-md, 2rem);row-gap:var(--global-kb-gap-md, 2rem);padding-top:var(--global-kb-spacing-xxl, 5rem);padding-bottom:var(--global-kb-spacing-sm, 1.5rem);}.kb-row-layout-id132_8497a8-50 > .kt-row-column-wrap > div:not(.added-for-specificity){grid-column:initial;}.kb-row-layout-id132_8497a8-50 > .kt-row-column-wrap{grid-template-columns:repeat(3, minmax(0, 1fr));}.kb-row-layout-id132_8497a8-50 > .kt-row-layout-overlay{opacity:0.30;}@media all and (max-width: 1024px){.kb-row-layout-id132_8497a8-50 > .kt-row-column-wrap > div:not(.added-for-specificity){grid-column:initial;}}@media all and (max-width: 1024px){.kb-row-layout-id132_8497a8-50 > .kt-row-column-wrap{grid-template-columns:repeat(3, minmax(0, 1fr));}}@media all and (max-width: 767px){.kb-row-layout-id132_8497a8-50 > .kt-row-column-wrap > div:not(.added-for-specificity){grid-column:initial;}.kb-row-layout-id132_8497a8-50 > .kt-row-column-wrap{grid-template-columns:minmax(0, 1fr);}}<\/style><div class=\"kb-row-layout-wrap kb-row-layout-id132_8497a8-50 alignnone wp-block-kadence-rowlayout\"><div class=\"kt-row-column-wrap kt-has-3-columns kt-row-layout-equal kt-tab-layout-inherit kt-mobile-layout-row kt-row-valign-top\">\n<style>.kadence-column132_fa74ea-81 > .kt-inside-inner-col,.kadence-column132_fa74ea-81 > .kt-inside-inner-col:before{border-top-left-radius:0px;border-top-right-radius:0px;border-bottom-right-radius:0px;border-bottom-left-radius:0px;}.kadence-column132_fa74ea-81 > .kt-inside-inner-col{column-gap:var(--global-kb-gap-sm, 1rem);}.kadence-column132_fa74ea-81 > .kt-inside-inner-col{flex-direction:column;}.kadence-column132_fa74ea-81 > .kt-inside-inner-col > .aligncenter{width:100%;}.kadence-column132_fa74ea-81 > .kt-inside-inner-col:before{opacity:0.3;}.kadence-column132_fa74ea-81{position:relative;}@media all and (max-width: 1024px){.kadence-column132_fa74ea-81 > .kt-inside-inner-col{flex-direction:column;justify-content:center;}}@media all and (max-width: 767px){.kadence-column132_fa74ea-81 > .kt-inside-inner-col{flex-direction:column;justify-content:center;}}<\/style>\n<div class=\"wp-block-kadence-column kadence-column132_fa74ea-81\"><div class=\"kt-inside-inner-col\"><style>.wp-block-kadence-advancedheading.kt-adv-heading132_1ab7b5-03, .wp-block-kadence-advancedheading.kt-adv-heading132_1ab7b5-03[data-kb-block=\"kb-adv-heading132_1ab7b5-03\"]{font-size:2vw;font-style:normal;}.wp-block-kadence-advancedheading.kt-adv-heading132_1ab7b5-03 mark.kt-highlight, .wp-block-kadence-advancedheading.kt-adv-heading132_1ab7b5-03[data-kb-block=\"kb-adv-heading132_1ab7b5-03\"] mark.kt-highlight{font-style:normal;color:#f76a0c;-webkit-box-decoration-break:clone;box-decoration-break:clone;padding-top:0px;padding-right:0px;padding-bottom:0px;padding-left:0px;}.wp-block-kadence-advancedheading.kt-adv-heading132_1ab7b5-03 img.kb-inline-image, .wp-block-kadence-advancedheading.kt-adv-heading132_1ab7b5-03[data-kb-block=\"kb-adv-heading132_1ab7b5-03\"] img.kb-inline-image{width:150px;vertical-align:baseline;}<\/style>\n<h2 class=\"kt-adv-heading132_1ab7b5-03 wp-block-kadence-advancedheading\" data-kb-block=\"kb-adv-heading132_1ab7b5-03\"><strong>Strategia<\/strong><\/h2>\n\n\n\n<p>Kaiken l\u00e4ht\u00f6kohta on aina kysymys, miksi tehd\u00e4\u00e4n ja mitk\u00e4 ovat tavoitteet. Ei tehd\u00e4 pelk\u00e4st\u00e4\u00e4n n\u00e4ttej\u00e4 kuvia, vaan visuja, jotka tukevat p\u00e4\u00e4m\u00e4\u00e4r\u00e4\u00e4n p\u00e4\u00e4semist\u00e4.<\/p>\n<\/div><\/div>\n\n\n<style>.kadence-column132_edd917-bc > .kt-inside-inner-col,.kadence-column132_edd917-bc > .kt-inside-inner-col:before{border-top-left-radius:0px;border-top-right-radius:0px;border-bottom-right-radius:0px;border-bottom-left-radius:0px;}.kadence-column132_edd917-bc > .kt-inside-inner-col{column-gap:var(--global-kb-gap-sm, 1rem);}.kadence-column132_edd917-bc > .kt-inside-inner-col{flex-direction:column;}.kadence-column132_edd917-bc > .kt-inside-inner-col > .aligncenter{width:100%;}.kadence-column132_edd917-bc > .kt-inside-inner-col:before{opacity:0.3;}.kadence-column132_edd917-bc{position:relative;}@media all and (max-width: 1024px){.kadence-column132_edd917-bc > .kt-inside-inner-col{flex-direction:column;justify-content:center;}}@media all and (max-width: 767px){.kadence-column132_edd917-bc > .kt-inside-inner-col{flex-direction:column;justify-content:center;}}<\/style>\n<div class=\"wp-block-kadence-column kadence-column132_edd917-bc\"><div class=\"kt-inside-inner-col\"><style>.wp-block-kadence-advancedheading.kt-adv-heading132_1176d7-43, .wp-block-kadence-advancedheading.kt-adv-heading132_1176d7-43[data-kb-block=\"kb-adv-heading132_1176d7-43\"]{font-size:2vw;font-style:normal;}.wp-block-kadence-advancedheading.kt-adv-heading132_1176d7-43 mark.kt-highlight, .wp-block-kadence-advancedheading.kt-adv-heading132_1176d7-43[data-kb-block=\"kb-adv-heading132_1176d7-43\"] mark.kt-highlight{font-style:normal;color:#f76a0c;-webkit-box-decoration-break:clone;box-decoration-break:clone;padding-top:0px;padding-right:0px;padding-bottom:0px;padding-left:0px;}.wp-block-kadence-advancedheading.kt-adv-heading132_1176d7-43 img.kb-inline-image, .wp-block-kadence-advancedheading.kt-adv-heading132_1176d7-43[data-kb-block=\"kb-adv-heading132_1176d7-43\"] img.kb-inline-image{width:150px;vertical-align:baseline;}<\/style>\n<h2 class=\"kt-adv-heading132_1176d7-43 wp-block-kadence-advancedheading\" data-kb-block=\"kb-adv-heading132_1176d7-43\"><strong><strong>L\u00e4mp\u00f6<\/strong><\/strong><\/h2>\n\n\n\n<p>L\u00e4mp\u00f6\u00a0n\u00e4kyy tavassa kohdata, viesti\u00e4 ja tehd\u00e4 yhdess\u00e4. Kaiken keski\u00f6ss\u00e4 ovat ihmiset.\u00a0Ne\u00a0joille markkinointia tehd\u00e4\u00e4n, sek\u00e4 ne, joiden kanssa sit\u00e4 toteutetaan.<\/p>\n<\/div><\/div>\n\n\n<style>.kadence-column132_d00d16-c7 > .kt-inside-inner-col,.kadence-column132_d00d16-c7 > .kt-inside-inner-col:before{border-top-left-radius:0px;border-top-right-radius:0px;border-bottom-right-radius:0px;border-bottom-left-radius:0px;}.kadence-column132_d00d16-c7 > .kt-inside-inner-col{column-gap:var(--global-kb-gap-sm, 1rem);}.kadence-column132_d00d16-c7 > .kt-inside-inner-col{flex-direction:column;}.kadence-column132_d00d16-c7 > .kt-inside-inner-col > .aligncenter{width:100%;}.kadence-column132_d00d16-c7 > .kt-inside-inner-col:before{opacity:0.3;}.kadence-column132_d00d16-c7{position:relative;}@media all and (max-width: 1024px){.kadence-column132_d00d16-c7 > .kt-inside-inner-col{flex-direction:column;justify-content:center;}}@media all and (max-width: 767px){.kadence-column132_d00d16-c7 > .kt-inside-inner-col{flex-direction:column;justify-content:center;}}<\/style>\n<div class=\"wp-block-kadence-column kadence-column132_d00d16-c7\"><div class=\"kt-inside-inner-col\"><style>.wp-block-kadence-advancedheading.kt-adv-heading132_bd9bb8-b2, .wp-block-kadence-advancedheading.kt-adv-heading132_bd9bb8-b2[data-kb-block=\"kb-adv-heading132_bd9bb8-b2\"]{font-size:2vw;font-style:normal;}.wp-block-kadence-advancedheading.kt-adv-heading132_bd9bb8-b2 mark.kt-highlight, .wp-block-kadence-advancedheading.kt-adv-heading132_bd9bb8-b2[data-kb-block=\"kb-adv-heading132_bd9bb8-b2\"] mark.kt-highlight{font-style:normal;color:#f76a0c;-webkit-box-decoration-break:clone;box-decoration-break:clone;padding-top:0px;padding-right:0px;padding-bottom:0px;padding-left:0px;}.wp-block-kadence-advancedheading.kt-adv-heading132_bd9bb8-b2 img.kb-inline-image, .wp-block-kadence-advancedheading.kt-adv-heading132_bd9bb8-b2[data-kb-block=\"kb-adv-heading132_bd9bb8-b2\"] img.kb-inline-image{width:150px;vertical-align:baseline;}<\/style>\n<h2 class=\"kt-adv-heading132_bd9bb8-b2 wp-block-kadence-advancedheading\" data-kb-block=\"kb-adv-heading132_bd9bb8-b2\"><strong><strong>Kumppanuus<\/strong><\/strong><\/h2>\n\n\n\n<p>Olen ty\u00f6kaveri, johon voi aina luottaa, niin aikataulujen kuin lopputuloksenkin suhteen. Viisas ajan ja resurssien k\u00e4ytt\u00f6 syntyv\u00e4t, kun l\u00f6yd\u00e4mme yhteisen rytmin.<\/p>\n<\/div><\/div>\n\n<\/div><\/div>","protected":false},"excerpt":{"rendered":"<p>Strategia + l\u00e4mp\u00f6 = Aikku Olen luova freelancer, joka yhdist\u00e4\u00e4 analyyttisen ajattelun ja n\u00e4ytt\u00e4v\u00e4t visut l\u00e4mp\u00f6isell\u00e4 l\u00e4hestymistavalla. Yhdeks\u00e4n vuoden ajan olen marinoitunut markkinoinnin kent\u00e4ll\u00e4 ja haalinut samalla mukaani osaamista br\u00e4ndin rakentamisesta, jalkauttamisesta ja mainonnasta. Missionani&nbsp;on tuoda l\u00e4mp\u00f6\u00e4 mainontaan ja selkeytt\u00e4 markkinointimateriaaleihin. Intohimonani&nbsp;on monimutkaisten kokonaisuuksien selkeytt\u00e4minen ja strategiavetoiset visut. Ponnetta omaan osaamiseeni olen kerrytt\u00e4nyt julkiselta sektorilta,&#8230;<\/p>\n","protected":false},"author":1,"featured_media":0,"parent":0,"menu_order":0,"comment_status":"closed","ping_status":"closed","template":"","meta":{"_kad_blocks_custom_css":"","_kad_blocks_head_custom_js":"","_kad_blocks_body_custom_js":"","_kad_blocks_footer_custom_js":"","_kad_post_transparent":"","_kad_post_title":"","_kad_post_layout":"","_kad_post_sidebar_id":"","_kad_post_content_style":"","_kad_post_vertical_padding":"","_kad_post_feature":"","_kad_post_feature_position":"","_kad_post_header":false,"_kad_post_footer":false,"_kad_post_classname":"","footnotes":""},"class_list":["post-132","page","type-page","status-publish","hentry"],"taxonomy_info":[],"featured_image_src_large":false,"author_info":{"display_name":"admin","author_link":"https:\/\/malli.idiagraphics.fi\/index.php\/author\/admin\/"},"comment_info":0,"_links":{"self":[{"href":"https:\/\/malli.idiagraphics.fi\/index.php\/wp-json\/wp\/v2\/pages\/132","targetHints":{"allow":["GET"]}}],"collection":[{"href":"https:\/\/malli.idiagraphics.fi\/index.php\/wp-json\/wp\/v2\/pages"}],"about":[{"href":"https:\/\/malli.idiagraphics.fi\/index.php\/wp-json\/wp\/v2\/types\/page"}],"author":[{"embeddable":true,"href":"https:\/\/malli.idiagraphics.fi\/index.php\/wp-json\/wp\/v2\/users\/1"}],"replies":[{"embeddable":true,"href":"https:\/\/malli.idiagraphics.fi\/index.php\/wp-json\/wp\/v2\/comments?post=132"}],"version-history":[{"count":19,"href":"https:\/\/malli.idiagraphics.fi\/index.php\/wp-json\/wp\/v2\/pages\/132\/revisions"}],"predecessor-version":[{"id":967,"href":"https:\/\/malli.idiagraphics.fi\/index.php\/wp-json\/wp\/v2\/pages\/132\/revisions\/967"}],"wp:attachment":[{"href":"https:\/\/malli.idiagraphics.fi\/index.php\/wp-json\/wp\/v2\/media?parent=132"}],"curies":[{"name":"wp","href":"https:\/\/api.w.org\/{rel}","templated":true}]}}